{"id":1708,"date":"2021-10-26T16:38:20","date_gmt":"2021-10-26T16:38:20","guid":{"rendered":"https:\/\/deutscher-schifffahrtstag.de\/?page_id=1708"},"modified":"2022-09-27T21:21:26","modified_gmt":"2022-09-27T21:21:26","slug":"30-september-empfang-in-der-seestadt-bremerhaven-mit-nautischem-dialog","status":"publish","type":"page","link":"https:\/\/deutscher-schifffahrtstag.de\/index.php\/30-september-empfang-in-der-seestadt-bremerhaven-mit-nautischem-dialog\/","title":{"rendered":"&#8222;Nautischer Dialog&#8220; Empfang in der Seestadt Bremerhaven"},"content":{"rendered":"\t\t<div data-elementor-type=\"wp-page\" data-elementor-id=\"1708\" class=\"elementor elementor-1708\" data-elementor-post-type=\"page\">\n\t\t\t\t\t\t<section class=\"elementor-section elementor-top-section elementor-element elementor-element-82f6faf elementor-section-boxed elementor-section-height-default elementor-section-height-default\" data-id=\"82f6faf\" data-element_type=\"section\" data-e-type=\"section\">\n\t\t\t\t\t\t<div class=\"elementor-container elementor-column-gap-default\">\n\t\t\t\t\t<div class=\"elementor-column elementor-col-100 elementor-top-column elementor-element elementor-element-adacc1d\" data-id=\"adacc1d\" data-element_type=\"column\" data-e-type=\"column\">\n\t\t\t<div class=\"elementor-widget-wrap elementor-element-populated\">\n\t\t\t\t\t\t<div class=\"elementor-element elementor-element-15f4467 elementor-widget elementor-widget-heading\" data-id=\"15f4467\" data-element_type=\"widget\" data-e-type=\"widget\" data-widget_type=\"heading.default\">\n\t\t\t\t<div class=\"elementor-widget-container\">\n\t\t\t\t\t<h2 class=\"elementor-heading-title elementor-size-default\"><b>\"<i>Nautischer Dialog<\/i>\"  - live und drau\u00dfen - direkt am Neuen Hafen<\/b><\/h2>\t\t\t\t<\/div>\n\t\t\t\t<\/div>\n\t\t\t\t<div class=\"elementor-element elementor-element-df5f02c elementor-widget elementor-widget-text-editor\" data-id=\"df5f02c\" data-element_type=\"widget\" data-e-type=\"widget\" data-widget_type=\"text-editor.default\">\n\t\t\t\t<div class=\"elementor-widget-container\">\n\t\t\t\t\t\t\t\t\t<p>Zum Abschluss der Schiffs- und Bootsparade auf der Weser wird am fr\u00fchen Abend des 30. September 2022 beginnend ab 1700 Uhr ilive und drau\u00dfen auf einer B\u00fchne auf dem Havenplatz (vor dem Restaurant Lloyds am Neuen Hafen) ein breit angelegter <strong><em>Nautischer Dialog<\/em><\/strong> stattfinden. Die Begr\u00fc\u00dfung dazu hat neben der <b>Senatorin f\u00fcr Wissenschaft und H\u00e4fen, Dr. Claudia Schilling<\/b> der <b>Oberb\u00fcrgermeister der Seestadt, Melf Grantz <\/b>bereits zugesagt und in lockerer Atmosph\u00e4re wird Raum gegeben f\u00fcr einen maritimen Austausch. Als Inspiration und passend zum Motto des Deutschen Schifffahrtstages \u201e<strong><em>Nachhaltige Schifffahrt: Gemeinsam, klar, sauber!<\/em><\/strong>\u201c erwartet die Teilnehmenden als besonderes Highlight eine Festrede der <b>Pr\u00e4sidentin des Bundesamtes f\u00fcr Seeschifffahrt und Hydrographie (BSH),\u00a0 Prof. Dr. Karin Kammann-Klippstein<\/b>. Als Abschluss folgt eine internationale Perspektive, denn dann wird <strong>B<\/strong><b>ud Darr, Executive Vice President, Maritime Policy and Government Affairs, MSC Group <\/b>zum Thema \u201e<em>Decarbonising Shipping: Ambition and Action &#8212; a perspective from the global container shipping industry<\/em>\u201d sprechen. Eine Programm\u00fcbersicht findet sich <a href=\"https:\/\/deutscher-schifffahrtstag.de\/wp-content\/uploads\/2022\/09\/09_30-Nautischer-Dialog.pdf\">an dieser Stelle.<\/a><\/p><p>Die Festveranstaltung soll zugleich genetzt werden, um die Leistungen der Sch\u00fclerinnen und Sch\u00fcler Bremerhavens zu w\u00fcrdigen, die sich in der Vorbereitung auf den Deutschen Schifffahrtstag im Rahmen unterschiedlichster Projekte mit Fragen der Schifffahrt und des Maritimen auseinander gesetzt haben werden.\u00a0\u00a0<\/p><p>Und f\u00fcr all jene, die sich am Abend \u00fcber die vielen Schiffe in den H\u00e4fen freuen, wird es\u00a0 rund um die Hafenbecken und an Bord das eine oder andere Getr\u00e4nk bei bester Laune geben.\u00a0<\/p>\t\t\t\t\t\t\t\t<\/div>\n\t\t\t\t<\/div>\n\t\t\t\t<div class=\"elementor-element elementor-element-735794c elementor-widget elementor-widget-image\" data-id=\"735794c\" data-element_type=\"widget\" data-e-type=\"widget\" data-widget_type=\"image.default\">\n\t\t\t\t<div class=\"elementor-widget-container\">\n\t\t\t\t\t\t\t\t\t\t\t\t\t\t\t<img fetchpriority=\"high\" decoding=\"async\" width=\"2560\" height=\"1920\" src=\"https:\/\/deutscher-schifffahrtstag.de\/wp-content\/uploads\/2021\/10\/Foto-fuer-Kategorie-Nautischer-Dialog-scaled.jpg\" class=\"attachment-full size-full wp-image-1814\" alt=\"\" srcset=\"https:\/\/deutscher-schifffahrtstag.de\/wp-content\/uploads\/2021\/10\/Foto-fuer-Kategorie-Nautischer-Dialog-scaled.jpg 2560w, https:\/\/deutscher-schifffahrtstag.de\/wp-content\/uploads\/2021\/10\/Foto-fuer-Kategorie-Nautischer-Dialog-300x225.jpg 300w, https:\/\/deutscher-schifffahrtstag.de\/wp-content\/uploads\/2021\/10\/Foto-fuer-Kategorie-Nautischer-Dialog-1024x768.jpg 1024w, https:\/\/deutscher-schifffahrtstag.de\/wp-content\/uploads\/2021\/10\/Foto-fuer-Kategorie-Nautischer-Dialog-768x576.jpg 768w, https:\/\/deutscher-schifffahrtstag.de\/wp-content\/uploads\/2021\/10\/Foto-fuer-Kategorie-Nautischer-Dialog-1536x1152.jpg 1536w, https:\/\/deutscher-schifffahrtstag.de\/wp-content\/uploads\/2021\/10\/Foto-fuer-Kategorie-Nautischer-Dialog-2048x1536.jpg 2048w\" sizes=\"(max-width: 2560px) 100vw, 2560px\" \/>\t\t\t\t\t\t\t\t\t\t\t\t\t\t\t<\/div>\n\t\t\t\t<\/div>\n\t\t\t\t\t<\/div>\n\t\t<\/div>\n\t\t\t\t\t<\/div>\n\t\t<\/section>\n\t\t\t\t<\/div>\n\t\t","protected":false},"excerpt":{"rendered":"<p>&#8222;Nautischer Dialog&#8220; &#8211; live und drau\u00dfen &#8211; direkt am Neuen Hafen Zum Abschluss der Schiffs- und Bootsparade auf der Weser wird am fr\u00fchen Abend des 30. September 2022 beginnend ab 1700 Uhr ilive und drau\u00dfen auf einer B\u00fchne auf dem Havenplatz (vor dem Restaurant Lloyds am Neuen Hafen) ein breit angelegter Nautischer Dialog stattfinden. Die [&hellip;]<\/p>\n","protected":false},"author":1,"featured_media":0,"parent":0,"menu_order":0,"comment_status":"closed","ping_status":"closed","template":"elementor_header_footer","meta":{"footnotes":""},"class_list":["post-1708","page","type-page","status-publish","hentry"],"_links":{"self":[{"href":"https:\/\/deutscher-schifffahrtstag.de\/index.php\/wp-json\/wp\/v2\/pages\/1708","targetHints":{"allow":["GET"]}}],"collection":[{"href":"https:\/\/deutscher-schifffahrtstag.de\/index.php\/wp-json\/wp\/v2\/pages"}],"about":[{"href":"https:\/\/deutscher-schifffahrtstag.de\/index.php\/wp-json\/wp\/v2\/types\/page"}],"author":[{"embeddable":true,"href":"https:\/\/deutscher-schifffahrtstag.de\/index.php\/wp-json\/wp\/v2\/users\/1"}],"replies":[{"embeddable":true,"href":"https:\/\/deutscher-schifffahrtstag.de\/index.php\/wp-json\/wp\/v2\/comments?post=1708"}],"version-history":[{"count":10,"href":"https:\/\/deutscher-schifffahrtstag.de\/index.php\/wp-json\/wp\/v2\/pages\/1708\/revisions"}],"predecessor-version":[{"id":6387,"href":"https:\/\/deutscher-schifffahrtstag.de\/index.php\/wp-json\/wp\/v2\/pages\/1708\/revisions\/6387"}],"wp:attachment":[{"href":"https:\/\/deutscher-schifffahrtstag.de\/index.php\/wp-json\/wp\/v2\/media?parent=1708"}],"curies":[{"name":"wp","href":"https:\/\/api.w.org\/{rel}","templated":true}]}}