{"id":197,"date":"2021-09-17T13:34:54","date_gmt":"2021-09-17T13:34:54","guid":{"rendered":"https:\/\/dst2022.zweiunter.de\/?page_id=197"},"modified":"2025-04-08T11:18:35","modified_gmt":"2025-04-08T11:18:35","slug":"home","status":"publish","type":"page","link":"https:\/\/deutscher-schifffahrtstag.de\/","title":{"rendered":"DST 2022"},"content":{"rendered":"\t\t<div data-elementor-type=\"wp-page\" data-elementor-id=\"197\" class=\"elementor elementor-197\" data-elementor-post-type=\"page\">\n\t\t\t\t\t\t<section class=\"elementor-section elementor-top-section elementor-element elementor-element-1392968 elementor-section-boxed elementor-section-height-default elementor-section-height-default\" data-id=\"1392968\" data-element_type=\"section\" data-e-type=\"section\">\n\t\t\t\t\t\t<div class=\"elementor-container elementor-column-gap-default\">\n\t\t\t\t\t<div class=\"elementor-column elementor-col-100 elementor-top-column elementor-element elementor-element-a95f394\" data-id=\"a95f394\" data-element_type=\"column\" data-e-type=\"column\">\n\t\t\t<div class=\"elementor-widget-wrap elementor-element-populated\">\n\t\t\t\t\t\t<div class=\"elementor-element elementor-element-e7ea8fb elementor-widget elementor-widget-heading\" data-id=\"e7ea8fb\" data-element_type=\"widget\" data-e-type=\"widget\" data-widget_type=\"heading.default\">\n\t\t\t\t<div class=\"elementor-widget-container\">\n\t\t\t\t\t<h1 class=\"elementor-heading-title elementor-size-default\">Hamburg freut sich auf Sie<br><\/h1>\t\t\t\t<\/div>\n\t\t\t\t<\/div>\n\t\t\t\t\t<\/div>\n\t\t<\/div>\n\t\t\t\t\t<\/div>\n\t\t<\/section>\n\t\t\t\t<section class=\"elementor-section elementor-top-section elementor-element elementor-element-ee7bdf6 elementor-section-boxed elementor-section-height-default elementor-section-height-default\" data-id=\"ee7bdf6\" data-element_type=\"section\" data-e-type=\"section\">\n\t\t\t\t\t\t<div class=\"elementor-container elementor-column-gap-default\">\n\t\t\t\t\t<div class=\"elementor-column elementor-col-100 elementor-top-column elementor-element elementor-element-6345cd9\" data-id=\"6345cd9\" data-element_type=\"column\" data-e-type=\"column\">\n\t\t\t<div class=\"elementor-widget-wrap elementor-element-populated\">\n\t\t\t\t\t\t<div class=\"elementor-element elementor-element-75ac2d5 elementor-widget elementor-widget-video\" data-id=\"75ac2d5\" data-element_type=\"widget\" data-e-type=\"widget\" data-settings=\"{&quot;video_type&quot;:&quot;hosted&quot;,&quot;controls&quot;:&quot;yes&quot;}\" data-widget_type=\"video.default\">\n\t\t\t\t<div class=\"elementor-widget-container\">\n\t\t\t\t\t\t\t<div class=\"e-hosted-video elementor-wrapper elementor-open-inline\">\n\t\t\t\t\t<video class=\"elementor-video\" src=\"https:\/\/deutscher-schifffahrtstag.de\/wp-content\/uploads\/2025\/04\/original.mp4\" controls=\"\" preload=\"metadata\" controlsList=\"nodownload\"><\/video>\n\t\t\t\t<\/div>\n\t\t\t\t\t\t<\/div>\n\t\t\t\t<\/div>\n\t\t\t\t\t<\/div>\n\t\t<\/div>\n\t\t\t\t\t<\/div>\n\t\t<\/section>\n\t\t\t\t<section class=\"elementor-section elementor-top-section elementor-element elementor-element-ad72c20 elementor-section-boxed elementor-section-height-default elementor-section-height-default\" data-id=\"ad72c20\" data-element_type=\"section\" data-e-type=\"section\">\n\t\t\t\t\t\t<div class=\"elementor-container elementor-column-gap-default\">\n\t\t\t\t\t<div class=\"elementor-column elementor-col-100 elementor-top-column elementor-element elementor-element-c2187ec\" data-id=\"c2187ec\" data-element_type=\"column\" data-e-type=\"column\">\n\t\t\t<div class=\"elementor-widget-wrap elementor-element-populated\">\n\t\t\t\t\t\t<div class=\"elementor-element elementor-element-6eb7a64 elementor-widget elementor-widget-text-editor\" data-id=\"6eb7a64\" data-element_type=\"widget\" data-e-type=\"widget\" data-widget_type=\"text-editor.default\">\n\t\t\t\t<div class=\"elementor-widget-container\">\n\t\t\t\t\t\t\t\t\t<h4>Laden Sie sich <span style=\"text-decoration: underline;\"><strong><a href=\"https:\/\/deutscher-schifffahrtstag.de\/wp-content\/uploads\/2025\/04\/Deutscher_Schifffahrtstag_2025-1.pdf\">HIER<\/a><\/strong><\/span> die Brosche zum Deutschen Schifffahrtstag herunter!<\/h4>\t\t\t\t\t\t\t\t<\/div>\n\t\t\t\t<\/div>\n\t\t\t\t\t<\/div>\n\t\t<\/div>\n\t\t\t\t\t<\/div>\n\t\t<\/section>\n\t\t\t\t<section class=\"elementor-section elementor-top-section elementor-element elementor-element-5efae5e4 elementor-section-content-middle elementor-reverse-tablet elementor-hidden-desktop elementor-hidden-tablet elementor-hidden-mobile elementor-section-boxed elementor-section-height-default elementor-section-height-default\" data-id=\"5efae5e4\" data-element_type=\"section\" data-e-type=\"section\" data-settings=\"{&quot;background_background&quot;:&quot;classic&quot;}\">\n\t\t\t\t\t\t<div class=\"elementor-container elementor-column-gap-no\">\n\t\t\t\t\t<div class=\"elementor-column elementor-col-50 elementor-top-column elementor-element elementor-element-51c425cb\" data-id=\"51c425cb\" data-element_type=\"column\" data-e-type=\"column\">\n\t\t\t<div class=\"elementor-widget-wrap elementor-element-populated\">\n\t\t\t\t\t\t<div class=\"elementor-element elementor-element-4311b10a elementor-widget elementor-widget-image\" data-id=\"4311b10a\" data-element_type=\"widget\" data-e-type=\"widget\" data-widget_type=\"image.default\">\n\t\t\t\t<div class=\"elementor-widget-container\">\n\t\t\t\t\t\t\t\t\t\t\t\t\t\t\t<img fetchpriority=\"high\" decoding=\"async\" width=\"2560\" height=\"1707\" src=\"https:\/\/deutscher-schifffahrtstag.de\/wp-content\/uploads\/2021\/09\/pexels-matthis-volquardsen-2326876-1-scaled.jpg\" class=\"attachment-full size-full wp-image-364\" alt=\"\" srcset=\"https:\/\/deutscher-schifffahrtstag.de\/wp-content\/uploads\/2021\/09\/pexels-matthis-volquardsen-2326876-1-scaled.jpg 2560w, https:\/\/deutscher-schifffahrtstag.de\/wp-content\/uploads\/2021\/09\/pexels-matthis-volquardsen-2326876-1-300x200.jpg 300w, https:\/\/deutscher-schifffahrtstag.de\/wp-content\/uploads\/2021\/09\/pexels-matthis-volquardsen-2326876-1-1024x683.jpg 1024w, https:\/\/deutscher-schifffahrtstag.de\/wp-content\/uploads\/2021\/09\/pexels-matthis-volquardsen-2326876-1-768x512.jpg 768w, https:\/\/deutscher-schifffahrtstag.de\/wp-content\/uploads\/2021\/09\/pexels-matthis-volquardsen-2326876-1-1536x1024.jpg 1536w, https:\/\/deutscher-schifffahrtstag.de\/wp-content\/uploads\/2021\/09\/pexels-matthis-volquardsen-2326876-1-2048x1365.jpg 2048w\" sizes=\"(max-width: 2560px) 100vw, 2560px\" \/>\t\t\t\t\t\t\t\t\t\t\t\t\t\t\t<\/div>\n\t\t\t\t<\/div>\n\t\t\t\t<div class=\"elementor-element elementor-element-9951191 elementor-widget elementor-widget-image\" data-id=\"9951191\" data-element_type=\"widget\" data-e-type=\"widget\" data-widget_type=\"image.default\">\n\t\t\t\t<div class=\"elementor-widget-container\">\n\t\t\t\t\t\t\t\t\t\t\t\t\t\t\t<img decoding=\"async\" width=\"800\" height=\"450\" src=\"https:\/\/deutscher-schifffahrtstag.de\/wp-content\/uploads\/2022\/02\/Schiffs-und-Bootsparade-Ueberblick-1024x576.png\" class=\"attachment-large size-large wp-image-3496\" alt=\"\" srcset=\"https:\/\/deutscher-schifffahrtstag.de\/wp-content\/uploads\/2022\/02\/Schiffs-und-Bootsparade-Ueberblick-1024x576.png 1024w, https:\/\/deutscher-schifffahrtstag.de\/wp-content\/uploads\/2022\/02\/Schiffs-und-Bootsparade-Ueberblick-300x169.png 300w, https:\/\/deutscher-schifffahrtstag.de\/wp-content\/uploads\/2022\/02\/Schiffs-und-Bootsparade-Ueberblick-768x432.png 768w, https:\/\/deutscher-schifffahrtstag.de\/wp-content\/uploads\/2022\/02\/Schiffs-und-Bootsparade-Ueberblick-1536x864.png 1536w, https:\/\/deutscher-schifffahrtstag.de\/wp-content\/uploads\/2022\/02\/Schiffs-und-Bootsparade-Ueberblick.png 1920w\" sizes=\"(max-width: 800px) 100vw, 800px\" \/>\t\t\t\t\t\t\t\t\t\t\t\t\t\t\t<\/div>\n\t\t\t\t<\/div>\n\t\t\t\t\t<\/div>\n\t\t<\/div>\n\t\t\t\t<div class=\"elementor-column elementor-col-50 elementor-top-column elementor-element elementor-element-3c819d0a\" data-id=\"3c819d0a\" data-element_type=\"column\" data-e-type=\"column\">\n\t\t\t<div class=\"elementor-widget-wrap elementor-element-populated\">\n\t\t\t\t\t\t<div class=\"elementor-element elementor-element-425b6b3 elementor-widget elementor-widget-heading\" data-id=\"425b6b3\" data-element_type=\"widget\" data-e-type=\"widget\" data-widget_type=\"heading.default\">\n\t\t\t\t<div class=\"elementor-widget-container\">\n\t\t\t\t\t<h2 class=\"elementor-heading-title elementor-size-default\">Gummib\u00e4rchen<\/h2>\t\t\t\t<\/div>\n\t\t\t\t<\/div>\n\t\t\t\t<div class=\"elementor-element elementor-element-6aaad6e elementor-widget elementor-widget-text-editor\" data-id=\"6aaad6e\" data-element_type=\"widget\" data-e-type=\"widget\" data-widget_type=\"text-editor.default\">\n\t\t\t\t<div class=\"elementor-widget-container\">\n\t\t\t\t\t\t\t\t\t<p>Freilebende Gummib\u00e4rchen gibt es nicht. Man kauft sie in Packungen an der Kinokasse. Dieser Kauf ist der Beginn einer fast erotischen und sehr ambivalenten Beziehung Gummib\u00e4rchen-Mensch. Zuerst genie\u00dft man. Dieser Genu\u00df umfa\u00dft alle Sinne. Man w\u00fchlt in den Gummib\u00e4rchen, man f\u00fchlt sie. Gummib\u00e4rchen haben eine Konsistenz wie weichgekochter Radiergummi. Die Tastempfindung geht auch ins Sexuelle.<\/p>\t\t\t\t\t\t\t\t<\/div>\n\t\t\t\t<\/div>\n\t\t\t\t<div class=\"elementor-element elementor-element-46e8e61 elementor-widget elementor-widget-button\" data-id=\"46e8e61\" data-element_type=\"widget\" data-e-type=\"widget\" data-widget_type=\"button.default\">\n\t\t\t\t<div class=\"elementor-widget-container\">\n\t\t\t\t\t\t\t\t\t<div class=\"elementor-button-wrapper\">\n\t\t\t\t\t<a class=\"elementor-button elementor-button-link elementor-size-md\" href=\"https:\/\/deutscher-schifffahrtstag.de\/aktuelles\/\" target=\"_blank\">\n\t\t\t\t\t\t<span class=\"elementor-button-content-wrapper\">\n\t\t\t\t\t\t\t\t\t<span class=\"elementor-button-text\">MEHR ERFAHREN<\/span>\n\t\t\t\t\t<\/span>\n\t\t\t\t\t<\/a>\n\t\t\t\t<\/div>\n\t\t\t\t\t\t\t\t<\/div>\n\t\t\t\t<\/div>\n\t\t\t\t\t<\/div>\n\t\t<\/div>\n\t\t\t\t\t<\/div>\n\t\t<\/section>\n\t\t\t\t<section class=\"elementor-section elementor-top-section elementor-element elementor-element-b11ca11 elementor-section-content-middle elementor-reverse-tablet elementor-reverse-mobile elementor-hidden-desktop elementor-hidden-tablet elementor-hidden-mobile elementor-section-boxed elementor-section-height-default elementor-section-height-default\" data-id=\"b11ca11\" data-element_type=\"section\" data-e-type=\"section\" data-settings=\"{&quot;background_background&quot;:&quot;classic&quot;}\">\n\t\t\t\t\t\t<div class=\"elementor-container elementor-column-gap-no\">\n\t\t\t\t\t<div class=\"elementor-column elementor-col-50 elementor-top-column elementor-element elementor-element-87b319b\" data-id=\"87b319b\" data-element_type=\"column\" data-e-type=\"column\">\n\t\t\t<div class=\"elementor-widget-wrap elementor-element-populated\">\n\t\t\t\t\t\t<div class=\"elementor-element elementor-element-3b3a0a0 elementor-widget elementor-widget-heading\" data-id=\"3b3a0a0\" data-element_type=\"widget\" data-e-type=\"widget\" data-widget_type=\"heading.default\">\n\t\t\t\t<div class=\"elementor-widget-container\">\n\t\t\t\t\t<h2 class=\"elementor-heading-title elementor-size-default\">Gummib\u00e4rchen<\/h2>\t\t\t\t<\/div>\n\t\t\t\t<\/div>\n\t\t\t\t<div class=\"elementor-element elementor-element-67c58db elementor-widget elementor-widget-text-editor\" data-id=\"67c58db\" data-element_type=\"widget\" data-e-type=\"widget\" data-widget_type=\"text-editor.default\">\n\t\t\t\t<div class=\"elementor-widget-container\">\n\t\t\t\t\t\t\t\t\t<p>Freilebende Gummib\u00e4rchen gibt es nicht. Man kauft sie in Packungen an der Kinokasse. Dieser Kauf ist der Beginn einer fast erotischen und sehr ambivalenten Beziehung Gummib\u00e4rchen-Mensch. Zuerst genie\u00dft man. Dieser Genu\u00df umfa\u00dft alle Sinne. Man w\u00fchlt in den Gummib\u00e4rchen, man f\u00fchlt sie. Gummib\u00e4rchen haben eine Konsistenz wie weichgekochter Radiergummi. Die Tastempfindung geht auch ins Sexuelle.<\/p>\t\t\t\t\t\t\t\t<\/div>\n\t\t\t\t<\/div>\n\t\t\t\t<div class=\"elementor-element elementor-element-b33fc7d elementor-widget elementor-widget-button\" data-id=\"b33fc7d\" data-element_type=\"widget\" data-e-type=\"widget\" data-widget_type=\"button.default\">\n\t\t\t\t<div class=\"elementor-widget-container\">\n\t\t\t\t\t\t\t\t\t<div class=\"elementor-button-wrapper\">\n\t\t\t\t\t<a class=\"elementor-button elementor-button-link elementor-size-md\" href=\"https:\/\/deutscher-schifffahrtstag.de\/kontakt\" target=\"_blank\">\n\t\t\t\t\t\t<span class=\"elementor-button-content-wrapper\">\n\t\t\t\t\t\t\t\t\t<span class=\"elementor-button-text\">KONTAKTIREN SIE UNS<\/span>\n\t\t\t\t\t<\/span>\n\t\t\t\t\t<\/a>\n\t\t\t\t<\/div>\n\t\t\t\t\t\t\t\t<\/div>\n\t\t\t\t<\/div>\n\t\t\t\t\t<\/div>\n\t\t<\/div>\n\t\t\t\t<div class=\"elementor-column elementor-col-50 elementor-top-column elementor-element elementor-element-e6efc7d\" data-id=\"e6efc7d\" data-element_type=\"column\" data-e-type=\"column\">\n\t\t\t<div class=\"elementor-widget-wrap elementor-element-populated\">\n\t\t\t\t\t\t<div class=\"elementor-element elementor-element-ba9ee5d elementor-widget elementor-widget-image\" data-id=\"ba9ee5d\" data-element_type=\"widget\" data-e-type=\"widget\" data-widget_type=\"image.default\">\n\t\t\t\t<div class=\"elementor-widget-container\">\n\t\t\t\t\t\t\t\t\t\t\t\t\t\t\t<img decoding=\"async\" width=\"2560\" height=\"1707\" src=\"https:\/\/deutscher-schifffahrtstag.de\/wp-content\/uploads\/2021\/09\/pexels-klaus-167676-min-1-scaled.jpg\" class=\"attachment-full size-full wp-image-178\" alt=\"\" srcset=\"https:\/\/deutscher-schifffahrtstag.de\/wp-content\/uploads\/2021\/09\/pexels-klaus-167676-min-1-scaled.jpg 2560w, https:\/\/deutscher-schifffahrtstag.de\/wp-content\/uploads\/2021\/09\/pexels-klaus-167676-min-1-300x200.jpg 300w, https:\/\/deutscher-schifffahrtstag.de\/wp-content\/uploads\/2021\/09\/pexels-klaus-167676-min-1-1024x683.jpg 1024w, https:\/\/deutscher-schifffahrtstag.de\/wp-content\/uploads\/2021\/09\/pexels-klaus-167676-min-1-768x512.jpg 768w, https:\/\/deutscher-schifffahrtstag.de\/wp-content\/uploads\/2021\/09\/pexels-klaus-167676-min-1-1536x1024.jpg 1536w, https:\/\/deutscher-schifffahrtstag.de\/wp-content\/uploads\/2021\/09\/pexels-klaus-167676-min-1-2048x1365.jpg 2048w\" sizes=\"(max-width: 2560px) 100vw, 2560px\" \/>\t\t\t\t\t\t\t\t\t\t\t\t\t\t\t<\/div>\n\t\t\t\t<\/div>\n\t\t\t\t\t<\/div>\n\t\t<\/div>\n\t\t\t\t\t<\/div>\n\t\t<\/section>\n\t\t\t\t<section class=\"elementor-section elementor-top-section elementor-element elementor-element-59e9a11 elementor-hidden-desktop elementor-hidden-tablet elementor-hidden-mobile elementor-section-boxed elementor-section-height-default elementor-section-height-default\" data-id=\"59e9a11\" data-element_type=\"section\" data-e-type=\"section\">\n\t\t\t\t\t\t<div class=\"elementor-container elementor-column-gap-default\">\n\t\t\t\t\t<div class=\"elementor-column elementor-col-100 elementor-top-column elementor-element elementor-element-c742616\" data-id=\"c742616\" data-element_type=\"column\" data-e-type=\"column\">\n\t\t\t<div class=\"elementor-widget-wrap elementor-element-populated\">\n\t\t\t\t\t\t<div class=\"elementor-element elementor-element-1117429 elementor-widget elementor-widget-heading\" data-id=\"1117429\" data-element_type=\"widget\" data-e-type=\"widget\" data-widget_type=\"heading.default\">\n\t\t\t\t<div class=\"elementor-widget-container\">\n\t\t\t\t\t<h2 class=\"elementor-heading-title elementor-size-default\">Aktuelles<\/h2>\t\t\t\t<\/div>\n\t\t\t\t<\/div>\n\t\t\t\t<div class=\"elementor-element elementor-element-4396dfb elementor-grid-3 elementor-grid-tablet-2 elementor-grid-mobile-1 elementor-posts--thumbnail-top elementor-posts--show-avatar elementor-card-shadow-yes elementor-posts__hover-gradient elementor-widget elementor-widget-posts\" data-id=\"4396dfb\" data-element_type=\"widget\" data-e-type=\"widget\" data-settings=\"{&quot;cards_columns&quot;:&quot;3&quot;,&quot;cards_columns_tablet&quot;:&quot;2&quot;,&quot;cards_columns_mobile&quot;:&quot;1&quot;,&quot;cards_row_gap&quot;:{&quot;unit&quot;:&quot;px&quot;,&quot;size&quot;:35,&quot;sizes&quot;:[]},&quot;cards_row_gap_tablet&quot;:{&quot;unit&quot;:&quot;px&quot;,&quot;size&quot;:&quot;&quot;,&quot;sizes&quot;:[]},&quot;cards_row_gap_mobile&quot;:{&quot;unit&quot;:&quot;px&quot;,&quot;size&quot;:&quot;&quot;,&quot;sizes&quot;:[]}}\" data-widget_type=\"posts.cards\">\n\t\t\t\t<div class=\"elementor-widget-container\">\n\t\t\t\t\t\t\t<div class=\"elementor-posts-container elementor-posts elementor-posts--skin-cards elementor-grid\" role=\"list\">\n\t\t\t\t<article class=\"elementor-post elementor-grid-item post-8370 post type-post status-publish format-standard has-post-thumbnail hentry category-aktuelles\" role=\"listitem\">\n\t\t\t<div class=\"elementor-post__card\">\n\t\t\t\t<a class=\"elementor-post__thumbnail__link\" href=\"https:\/\/deutscher-schifffahrtstag.de\/index.php\/2025\/05\/07\/thb-schifffahrtstag-gestartet\/\" tabindex=\"-1\" ><div class=\"elementor-post__thumbnail\"><img loading=\"lazy\" decoding=\"async\" width=\"300\" height=\"169\" src=\"https:\/\/deutscher-schifffahrtstag.de\/wp-content\/uploads\/2022\/10\/aktuelles-300x169.png\" class=\"attachment-medium size-medium wp-image-6995\" alt=\"\" srcset=\"https:\/\/deutscher-schifffahrtstag.de\/wp-content\/uploads\/2022\/10\/aktuelles-300x169.png 300w, https:\/\/deutscher-schifffahrtstag.de\/wp-content\/uploads\/2022\/10\/aktuelles-1024x576.png 1024w, https:\/\/deutscher-schifffahrtstag.de\/wp-content\/uploads\/2022\/10\/aktuelles-768x432.png 768w, https:\/\/deutscher-schifffahrtstag.de\/wp-content\/uploads\/2022\/10\/aktuelles-1536x864.png 1536w, https:\/\/deutscher-schifffahrtstag.de\/wp-content\/uploads\/2022\/10\/aktuelles.png 1920w\" sizes=\"(max-width: 300px) 100vw, 300px\" \/><\/div><\/a>\n\t\t\t\t<div class=\"elementor-post__badge\">Aktuelles<\/div>\n\t\t\t\t<div class=\"elementor-post__avatar\">\n\t\t\t\t\t<\/div>\n\t\t\t\t<div class=\"elementor-post__text\">\n\t\t\t\t<h3 class=\"elementor-post__title\">\n\t\t\t<a href=\"https:\/\/deutscher-schifffahrtstag.de\/index.php\/2025\/05\/07\/thb-schifffahrtstag-gestartet\/\" >\n\t\t\t\tMedienspiegel: THB \u00fcber den Deutschen Schifffahrtstag\t\t\t<\/a>\n\t\t<\/h3>\n\t\t\t\t<div class=\"elementor-post__excerpt\">\n\t\t\t<p>Medienspiegel: THB \u00fcber den Deutschen Schifffahrtstag Der THB (T\u00e4glicher Hafenbericht) hat in den letzten Tagen ausf\u00fchrlich \u00fcber die Veranstaltungen zum 37. Deutschen Schifffahrtstag 2025 in<\/p>\n\t\t<\/div>\n\t\t\n\t\t<a class=\"elementor-post__read-more\" href=\"https:\/\/deutscher-schifffahrtstag.de\/index.php\/2025\/05\/07\/thb-schifffahrtstag-gestartet\/\" aria-label=\"Mehr \u00fcber Medienspiegel: THB \u00fcber den Deutschen Schifffahrtstag\" tabindex=\"-1\" >\n\t\t\tRead More \u00bb\t\t<\/a>\n\n\t\t\t\t<\/div>\n\t\t\t\t<div class=\"elementor-post__meta-data\">\n\t\t\t\t\t<span class=\"elementor-post-date\">\n\t\t\tMai 7, 2025\t\t<\/span>\n\t\t\t\t<span class=\"elementor-post-avatar\">\n\t\t\tKeine Kommentare\t\t<\/span>\n\t\t\t\t<\/div>\n\t\t\t\t\t<\/div>\n\t\t<\/article>\n\t\t\t\t<article class=\"elementor-post elementor-grid-item post-8184 post type-post status-publish format-standard has-post-thumbnail hentry category-positionen\" role=\"listitem\">\n\t\t\t<div class=\"elementor-post__card\">\n\t\t\t\t<a class=\"elementor-post__thumbnail__link\" href=\"https:\/\/deutscher-schifffahrtstag.de\/index.php\/2025\/04\/25\/kapitaen-erik-dalaege-bundeslotsenkammer\/\" tabindex=\"-1\" ><div class=\"elementor-post__thumbnail\"><img loading=\"lazy\" decoding=\"async\" width=\"225\" height=\"300\" src=\"https:\/\/deutscher-schifffahrtstag.de\/wp-content\/uploads\/2025\/04\/2022-08-24_Dalege-biometrisch-1-225x300.png\" class=\"attachment-medium size-medium wp-image-8186\" alt=\"\" srcset=\"https:\/\/deutscher-schifffahrtstag.de\/wp-content\/uploads\/2025\/04\/2022-08-24_Dalege-biometrisch-1-225x300.png 225w, https:\/\/deutscher-schifffahrtstag.de\/wp-content\/uploads\/2025\/04\/2022-08-24_Dalege-biometrisch-1-770x1024.png 770w, https:\/\/deutscher-schifffahrtstag.de\/wp-content\/uploads\/2025\/04\/elementor\/thumbs\/2022-08-24_Dalege-biometrisch-1-scaled-r4v9usi5yjkivglxc86mxct9bpzoyv9g6wefv5v9gg.png 300w, https:\/\/deutscher-schifffahrtstag.de\/wp-content\/uploads\/2025\/04\/2022-08-24_Dalege-biometrisch-1-scaled.png 1924w\" sizes=\"(max-width: 225px) 100vw, 225px\" \/><\/div><\/a>\n\t\t\t\t<div class=\"elementor-post__badge\">Positionen<\/div>\n\t\t\t\t<div class=\"elementor-post__avatar\">\n\t\t\t\t\t<\/div>\n\t\t\t\t<div class=\"elementor-post__text\">\n\t\t\t\t<h3 class=\"elementor-post__title\">\n\t\t\t<a href=\"https:\/\/deutscher-schifffahrtstag.de\/index.php\/2025\/04\/25\/kapitaen-erik-dalaege-bundeslotsenkammer\/\" >\n\t\t\t\tKapit\u00e4n Erik Dalaege, Bundeslotsenkammer\t\t\t<\/a>\n\t\t<\/h3>\n\t\t\t\t<div class=\"elementor-post__excerpt\">\n\t\t\t<p>Gl\u00fcckwunsch an den Deutschen Nautischen Verein und seine Partner zur \u00a0Wahl von Ort und Zeitpunkt des diesj\u00e4hrigen Deutschen Schifffahrtstages! Die Kombination aus Hamburger Hafengeburtstag und<\/p>\n\t\t<\/div>\n\t\t\n\t\t<a class=\"elementor-post__read-more\" href=\"https:\/\/deutscher-schifffahrtstag.de\/index.php\/2025\/04\/25\/kapitaen-erik-dalaege-bundeslotsenkammer\/\" aria-label=\"Mehr \u00fcber Kapit\u00e4n Erik Dalaege, Bundeslotsenkammer\" tabindex=\"-1\" >\n\t\t\tRead More \u00bb\t\t<\/a>\n\n\t\t\t\t<\/div>\n\t\t\t\t<div class=\"elementor-post__meta-data\">\n\t\t\t\t\t<span class=\"elementor-post-date\">\n\t\t\tApril 25, 2025\t\t<\/span>\n\t\t\t\t<span class=\"elementor-post-avatar\">\n\t\t\tKeine Kommentare\t\t<\/span>\n\t\t\t\t<\/div>\n\t\t\t\t\t<\/div>\n\t\t<\/article>\n\t\t\t\t<article class=\"elementor-post elementor-grid-item post-8177 post type-post status-publish format-standard has-post-thumbnail hentry category-berufe\" role=\"listitem\">\n\t\t\t<div class=\"elementor-post__card\">\n\t\t\t\t<a class=\"elementor-post__thumbnail__link\" href=\"https:\/\/deutscher-schifffahrtstag.de\/index.php\/2025\/04\/25\/lotse\/\" tabindex=\"-1\" ><div class=\"elementor-post__thumbnail\"><img loading=\"lazy\" decoding=\"async\" width=\"300\" height=\"200\" src=\"https:\/\/deutscher-schifffahrtstag.de\/wp-content\/uploads\/2022\/02\/Lotsen-300x200.jpg\" class=\"attachment-medium size-medium wp-image-3282\" alt=\"\" srcset=\"https:\/\/deutscher-schifffahrtstag.de\/wp-content\/uploads\/2022\/02\/Lotsen-300x200.jpg 300w, https:\/\/deutscher-schifffahrtstag.de\/wp-content\/uploads\/2022\/02\/Lotsen-1024x684.jpg 1024w, https:\/\/deutscher-schifffahrtstag.de\/wp-content\/uploads\/2022\/02\/Lotsen-768x513.jpg 768w, https:\/\/deutscher-schifffahrtstag.de\/wp-content\/uploads\/2022\/02\/Lotsen-391x260.jpg 391w, https:\/\/deutscher-schifffahrtstag.de\/wp-content\/uploads\/2022\/02\/Lotsen.jpg 1170w\" sizes=\"(max-width: 300px) 100vw, 300px\" \/><\/div><\/a>\n\t\t\t\t<div class=\"elementor-post__badge\">Berufe<\/div>\n\t\t\t\t<div class=\"elementor-post__avatar\">\n\t\t\t\t\t<\/div>\n\t\t\t\t<div class=\"elementor-post__text\">\n\t\t\t\t<h3 class=\"elementor-post__title\">\n\t\t\t<a href=\"https:\/\/deutscher-schifffahrtstag.de\/index.php\/2025\/04\/25\/lotse\/\" >\n\t\t\t\tLotse\t\t\t<\/a>\n\t\t<\/h3>\n\t\t\t\t<div class=\"elementor-post__excerpt\">\n\t\t\t<p>Fast jedes gr\u00f6\u00dfere Schiff muss einen Lotsen anfordern, wenn es die deutsche K\u00fcste ansteuert. Lotsen kennen ihr Revier genau\u00a0 \u2013 seine K\u00fcsten, Fahrwege und Man\u00f6vrierbedingungen.<\/p>\n\t\t<\/div>\n\t\t\n\t\t<a class=\"elementor-post__read-more\" href=\"https:\/\/deutscher-schifffahrtstag.de\/index.php\/2025\/04\/25\/lotse\/\" aria-label=\"Mehr \u00fcber Lotse\" tabindex=\"-1\" >\n\t\t\tRead More \u00bb\t\t<\/a>\n\n\t\t\t\t<\/div>\n\t\t\t\t<div class=\"elementor-post__meta-data\">\n\t\t\t\t\t<span class=\"elementor-post-date\">\n\t\t\tApril 25, 2025\t\t<\/span>\n\t\t\t\t<span class=\"elementor-post-avatar\">\n\t\t\tKeine Kommentare\t\t<\/span>\n\t\t\t\t<\/div>\n\t\t\t\t\t<\/div>\n\t\t<\/article>\n\t\t\t\t<\/div>\n\t\t\n\t\t\t\t\t\t<\/div>\n\t\t\t\t<\/div>\n\t\t\t\t\t<\/div>\n\t\t<\/div>\n\t\t\t\t\t<\/div>\n\t\t<\/section>\n\t\t\t\t<\/div>\n\t\t","protected":false},"excerpt":{"rendered":"<p>Hamburg freut sich auf Sie https:\/\/deutscher-schifffahrtstag.de\/wp-content\/uploads\/2025\/04\/original.mp4 Laden Sie sich HIER die Brosche zum Deutschen Schifffahrtstag herunter! Gummib\u00e4rchen Freilebende Gummib\u00e4rchen gibt es nicht. Man kauft sie in Packungen an der Kinokasse. Dieser Kauf ist der Beginn einer fast erotischen und sehr ambivalenten Beziehung Gummib\u00e4rchen-Mensch. Zuerst genie\u00dft man. Dieser Genu\u00df umfa\u00dft alle Sinne. Man w\u00fchlt in den [&hellip;]<\/p>\n","protected":false},"author":1,"featured_media":0,"parent":0,"menu_order":0,"comment_status":"closed","ping_status":"closed","template":"elementor_header_footer","meta":{"footnotes":""},"class_list":["post-197","page","type-page","status-publish","hentry"],"_links":{"self":[{"href":"https:\/\/deutscher-schifffahrtstag.de\/index.php\/wp-json\/wp\/v2\/pages\/197","targetHints":{"allow":["GET"]}}],"collection":[{"href":"https:\/\/deutscher-schifffahrtstag.de\/index.php\/wp-json\/wp\/v2\/pages"}],"about":[{"href":"https:\/\/deutscher-schifffahrtstag.de\/index.php\/wp-json\/wp\/v2\/types\/page"}],"author":[{"embeddable":true,"href":"https:\/\/deutscher-schifffahrtstag.de\/index.php\/wp-json\/wp\/v2\/users\/1"}],"replies":[{"embeddable":true,"href":"https:\/\/deutscher-schifffahrtstag.de\/index.php\/wp-json\/wp\/v2\/comments?post=197"}],"version-history":[{"count":10,"href":"https:\/\/deutscher-schifffahrtstag.de\/index.php\/wp-json\/wp\/v2\/pages\/197\/revisions"}],"predecessor-version":[{"id":8044,"href":"https:\/\/deutscher-schifffahrtstag.de\/index.php\/wp-json\/wp\/v2\/pages\/197\/revisions\/8044"}],"wp:attachment":[{"href":"https:\/\/deutscher-schifffahrtstag.de\/index.php\/wp-json\/wp\/v2\/media?parent=197"}],"curies":[{"name":"wp","href":"https:\/\/api.w.org\/{rel}","templated":true}]}}