{"id":7186,"date":"2024-07-28T10:10:13","date_gmt":"2024-07-28T10:10:13","guid":{"rendered":"https:\/\/deutscher-schifffahrtstag.de\/?page_id=7186"},"modified":"2025-03-13T12:43:11","modified_gmt":"2025-03-13T12:43:11","slug":"elementor-7186","status":"publish","type":"page","link":"https:\/\/deutscher-schifffahrtstag.de\/index.php\/elementor-7186\/","title":{"rendered":"Rahmenprogramm"},"content":{"rendered":"\t\t<div data-elementor-type=\"wp-page\" data-elementor-id=\"7186\" class=\"elementor elementor-7186\" data-elementor-post-type=\"page\">\n\t\t\t\t\t\t<section class=\"elementor-section elementor-top-section elementor-element elementor-element-e8a5dfe elementor-section-boxed elementor-section-height-default elementor-section-height-default\" data-id=\"e8a5dfe\" data-element_type=\"section\" data-e-type=\"section\">\n\t\t\t\t\t\t<div class=\"elementor-container elementor-column-gap-default\">\n\t\t\t\t\t<div class=\"elementor-column elementor-col-100 elementor-top-column elementor-element elementor-element-02fe53d\" data-id=\"02fe53d\" data-element_type=\"column\" data-e-type=\"column\">\n\t\t\t<div class=\"elementor-widget-wrap elementor-element-populated\">\n\t\t\t\t\t\t<div class=\"elementor-element elementor-element-f2f70ec elementor-widget elementor-widget-heading\" data-id=\"f2f70ec\" data-element_type=\"widget\" data-e-type=\"widget\" data-widget_type=\"heading.default\">\n\t\t\t\t<div class=\"elementor-widget-container\">\n\t\t\t\t\t<h1 class=\"elementor-heading-title elementor-size-default\">Rahmenprogramm<br><\/h1>\t\t\t\t<\/div>\n\t\t\t\t<\/div>\n\t\t\t\t\t<\/div>\n\t\t<\/div>\n\t\t\t\t\t<\/div>\n\t\t<\/section>\n\t\t\t\t<section class=\"elementor-section elementor-top-section elementor-element elementor-element-9e7f738 elementor-section-boxed elementor-section-height-default elementor-section-height-default\" data-id=\"9e7f738\" data-element_type=\"section\" data-e-type=\"section\">\n\t\t\t\t\t\t<div class=\"elementor-container elementor-column-gap-default\">\n\t\t\t\t\t<div class=\"elementor-column elementor-col-33 elementor-top-column elementor-element elementor-element-32f4f2a\" data-id=\"32f4f2a\" data-element_type=\"column\" data-e-type=\"column\">\n\t\t\t<div class=\"elementor-widget-wrap elementor-element-populated\">\n\t\t\t\t\t\t<div class=\"elementor-element elementor-element-f4baf2f elementor-widget elementor-widget-image\" data-id=\"f4baf2f\" data-element_type=\"widget\" data-e-type=\"widget\" data-widget_type=\"image.default\">\n\t\t\t\t<div class=\"elementor-widget-container\">\n\t\t\t\t\t\t\t\t\t\t\t\t\t\t\t<img fetchpriority=\"high\" decoding=\"async\" width=\"700\" height=\"483\" src=\"https:\/\/deutscher-schifffahrtstag.de\/wp-content\/uploads\/2025\/02\/Peking.jpg\" class=\"attachment-large size-large wp-image-7771\" alt=\"\" srcset=\"https:\/\/deutscher-schifffahrtstag.de\/wp-content\/uploads\/2025\/02\/Peking.jpg 700w, https:\/\/deutscher-schifffahrtstag.de\/wp-content\/uploads\/2025\/02\/Peking-300x207.jpg 300w\" sizes=\"(max-width: 700px) 100vw, 700px\" \/>\t\t\t\t\t\t\t\t\t\t\t\t\t\t\t<\/div>\n\t\t\t\t<\/div>\n\t\t\t\t\t<\/div>\n\t\t<\/div>\n\t\t\t\t<div class=\"elementor-column elementor-col-66 elementor-top-column elementor-element elementor-element-fe51e2e\" data-id=\"fe51e2e\" data-element_type=\"column\" data-e-type=\"column\">\n\t\t\t<div class=\"elementor-widget-wrap elementor-element-populated\">\n\t\t\t\t\t\t<div class=\"elementor-element elementor-element-c0eff3b elementor-widget elementor-widget-text-editor\" data-id=\"c0eff3b\" data-element_type=\"widget\" data-e-type=\"widget\" data-widget_type=\"text-editor.default\">\n\t\t\t\t<div class=\"elementor-widget-container\">\n\t\t\t\t\t\t\t\t\t<p><strong>DIE PEKING<\/strong><\/p><p>F\u00fcr die Teilnehmer des 37. Deutschen Schifffahrtstages werden exklusive Termine zur Besichtigung der Peking angeboten.\u00a0<\/p><p><a href=\"https:\/\/tickets.shmh.de\/#\/product\/event\/6022\">Hier k\u00f6nnen Sie sich anmelden!<\/a><\/p>\t\t\t\t\t\t\t\t<\/div>\n\t\t\t\t<\/div>\n\t\t\t\t\t<\/div>\n\t\t<\/div>\n\t\t\t\t\t<\/div>\n\t\t<\/section>\n\t\t\t\t<section class=\"elementor-section elementor-top-section elementor-element elementor-element-4c5d4c8 elementor-section-boxed elementor-section-height-default elementor-section-height-default\" data-id=\"4c5d4c8\" data-element_type=\"section\" data-e-type=\"section\">\n\t\t\t\t\t\t<div class=\"elementor-container elementor-column-gap-default\">\n\t\t\t\t\t<div class=\"elementor-column elementor-col-66 elementor-top-column elementor-element elementor-element-8eeaf63\" data-id=\"8eeaf63\" data-element_type=\"column\" data-e-type=\"column\">\n\t\t\t<div class=\"elementor-widget-wrap elementor-element-populated\">\n\t\t\t\t\t\t<div class=\"elementor-element elementor-element-fee6140 elementor-widget elementor-widget-text-editor\" data-id=\"fee6140\" data-element_type=\"widget\" data-e-type=\"widget\" data-widget_type=\"text-editor.default\">\n\t\t\t\t<div class=\"elementor-widget-container\">\n\t\t\t\t\t\t\t\t\t<p><strong>DAS MINIATUR WUNDERLAND<\/strong><\/p><p>Das Miniatur Wunderland ist die gr\u00f6\u00dfte Modelleisenbahnanlage der Welt und Hamburgs Touristenattraktion Nr. 1. Schon mehr als 24 Millionen Besucher aus allen Teilen der Welt haben sich in der Hamburger Speicherstadt eine Miniaturwelt der Superlative angeschaut.<\/p><p>Auf 1.694 m\u00b2 ist in mehr als 1 Mio. Arbeitsstunden ein einmaliges Miniatur-Meisterwerk entstanden &#8211; und es w\u00e4chst immer weiter. Es besticht neben ausgefeilter Technik vor allem durch Detailreichtum. \u00dcber 292.110 Figuren wurden liebevoll in Szene gesetzt, Autos, Z\u00fcge und Schiffe bewegen sich durch die Landschaften, und sogar Flugzeuge starten am Knuffingen Airport im Minutentakt. Das Wunderland ist ein atemberaubender Miniatur-Kosmos, den es so nirgendwo anders auf der Welt zu sehen gibt. Mit der j\u00fcngsten Er\u00f6ffnung Monacos samt spektakul\u00e4rer Formel 1-Rennstrecke im Jahr 2024 z\u00e4hlt das Wunderland mittlerweile 12 fertige Bauabschnitte.<\/p>\t\t\t\t\t\t\t\t<\/div>\n\t\t\t\t<\/div>\n\t\t\t\t\t<\/div>\n\t\t<\/div>\n\t\t\t\t<div class=\"elementor-column elementor-col-33 elementor-top-column elementor-element elementor-element-94b585b\" data-id=\"94b585b\" data-element_type=\"column\" data-e-type=\"column\">\n\t\t\t<div class=\"elementor-widget-wrap elementor-element-populated\">\n\t\t\t\t\t\t<div class=\"elementor-element elementor-element-a2da319 elementor-widget elementor-widget-image\" data-id=\"a2da319\" data-element_type=\"widget\" data-e-type=\"widget\" data-widget_type=\"image.default\">\n\t\t\t\t<div class=\"elementor-widget-container\">\n\t\t\t\t\t\t\t\t\t\t\t\t\t\t\t<img decoding=\"async\" width=\"700\" height=\"438\" src=\"https:\/\/deutscher-schifffahrtstag.de\/wp-content\/uploads\/2025\/02\/miwula_web.jpg\" class=\"attachment-large size-large wp-image-7769\" alt=\"\" srcset=\"https:\/\/deutscher-schifffahrtstag.de\/wp-content\/uploads\/2025\/02\/miwula_web.jpg 700w, https:\/\/deutscher-schifffahrtstag.de\/wp-content\/uploads\/2025\/02\/miwula_web-300x188.jpg 300w\" sizes=\"(max-width: 700px) 100vw, 700px\" \/>\t\t\t\t\t\t\t\t\t\t\t\t\t\t\t<\/div>\n\t\t\t\t<\/div>\n\t\t\t\t\t<\/div>\n\t\t<\/div>\n\t\t\t\t\t<\/div>\n\t\t<\/section>\n\t\t\t\t<section class=\"elementor-section elementor-top-section elementor-element elementor-element-cfad848 elementor-section-boxed elementor-section-height-default elementor-section-height-default\" data-id=\"cfad848\" data-element_type=\"section\" data-e-type=\"section\">\n\t\t\t\t\t\t<div class=\"elementor-container elementor-column-gap-default\">\n\t\t\t\t\t<div class=\"elementor-column elementor-col-33 elementor-top-column elementor-element elementor-element-4b37857\" data-id=\"4b37857\" data-element_type=\"column\" data-e-type=\"column\">\n\t\t\t<div class=\"elementor-widget-wrap elementor-element-populated\">\n\t\t\t\t\t\t<div class=\"elementor-element elementor-element-42d76d5 elementor-widget elementor-widget-image\" data-id=\"42d76d5\" data-element_type=\"widget\" data-e-type=\"widget\" data-widget_type=\"image.default\">\n\t\t\t\t<div class=\"elementor-widget-container\">\n\t\t\t\t\t\t\t\t\t\t\t\t\t\t\t<img decoding=\"async\" width=\"700\" height=\"467\" src=\"https:\/\/deutscher-schifffahrtstag.de\/wp-content\/uploads\/2025\/02\/P6193331.jpg\" class=\"attachment-large size-large wp-image-7770\" alt=\"\" srcset=\"https:\/\/deutscher-schifffahrtstag.de\/wp-content\/uploads\/2025\/02\/P6193331.jpg 700w, https:\/\/deutscher-schifffahrtstag.de\/wp-content\/uploads\/2025\/02\/P6193331-300x200.jpg 300w, https:\/\/deutscher-schifffahrtstag.de\/wp-content\/uploads\/2025\/02\/P6193331-391x260.jpg 391w\" sizes=\"(max-width: 700px) 100vw, 700px\" \/>\t\t\t\t\t\t\t\t\t\t\t\t\t\t\t<\/div>\n\t\t\t\t<\/div>\n\t\t\t\t\t<\/div>\n\t\t<\/div>\n\t\t\t\t<div class=\"elementor-column elementor-col-66 elementor-top-column elementor-element elementor-element-3435c66\" data-id=\"3435c66\" data-element_type=\"column\" data-e-type=\"column\">\n\t\t\t<div class=\"elementor-widget-wrap elementor-element-populated\">\n\t\t\t\t\t\t<div class=\"elementor-element elementor-element-20d4642 elementor-widget elementor-widget-text-editor\" data-id=\"20d4642\" data-element_type=\"widget\" data-e-type=\"widget\" data-widget_type=\"text-editor.default\">\n\t\t\t\t<div class=\"elementor-widget-container\">\n\t\t\t\t\t\t\t\t\t<p><strong>ALSTER- &amp; KANALFAHRTEN<\/strong><\/p><p>Gehen Sie auf Entdeckungsreise durch die verschlungenen Alster-Kan\u00e4le unserer Stadt. Solch einen Blick auf die Stadt haben Sie nur von der Wasserseite. Die ATG Alster-Touristik GmbH bietet zwei Routen an, aus denen Sie frei w\u00e4hlen k\u00f6nnen: Die eine f\u00fchrt in den Stadtparksee, die andere den Alsterlauf hinauf bis nach Alsterdorf. Beide Touren dauern ca. zwei Stunden. Und wenn die Sonne \u00fcber Hamburg strahlt, ist es noch mal so sch\u00f6n! Die Alsterdampfer bringen Sie durch die verschlungenen Kan\u00e4le in die spannendsten und sch\u00f6nsten Ecken, die Sie nur vom Wasser aus sehen k\u00f6nnen. Sie kommen an urigen Kleing\u00e4rten vorbei, gleiten an urw\u00fcchsigen Uferpartien entlang und erleben die Idylle der alsternahen Wohngebiete. Es erwartet Sie ein Kontrastprogramm, dass Sie durch die noblen Vororte der Hansestadt lotst und Ihnen Ausblicke auf die gepflegten Villen, versteckten Parkanlagen und luxuri\u00f6sen Lofts bietet. Diese unbekannte Seite der Stadt entdecken Sie wirklich nur \u00fcber den Wasserweg \u2013 immer begleitet von Schw\u00e4nen, Enten und M\u00f6wen.<\/p><p>Die wei\u00dfe Flotte schippert bereits l\u00e4nger, als Sie denken. Schon vor Jahrhunderten nahmen Lastk\u00e4hne auf der Alster gelegentlich Passagiere mit. Ab ca. 1500 unternahmen die Hanseaten zudem in schon beachtlicher Anzahl auf der Alster Lustfahrten mit Musik und benutzten daf\u00fcr sogenannte Alstersch\u00fcten, mit Tisch und B\u00e4nken ausgestattete schwere Ruderboote aus Eichenholz. Erst 1860 gr\u00fcndete sich ein Verkehrsverbund mit abgestimmtem Fahrplan und einheitlichen Tarifen. Heute besteht die Flotte l\u00e4ngst aus modernen Schiffen, und sie geh\u00f6ren zu Hamburg wie der Michel und der Hafen. Wir w\u00fcnschen Ihnen viel Spa\u00df bei der Entdeckungsreise durch Hamburgs Kan\u00e4le! Mehr Informationen hier<\/p>\t\t\t\t\t\t\t\t<\/div>\n\t\t\t\t<\/div>\n\t\t\t\t\t<\/div>\n\t\t<\/div>\n\t\t\t\t\t<\/div>\n\t\t<\/section>\n\t\t\t\t<section class=\"elementor-section elementor-top-section elementor-element elementor-element-7d17551 elementor-section-boxed elementor-section-height-default elementor-section-height-default\" data-id=\"7d17551\" data-element_type=\"section\" data-e-type=\"section\">\n\t\t\t\t\t\t<div class=\"elementor-container elementor-column-gap-default\">\n\t\t\t\t\t<div class=\"elementor-column elementor-col-66 elementor-top-column elementor-element elementor-element-caa001c\" data-id=\"caa001c\" data-element_type=\"column\" data-e-type=\"column\">\n\t\t\t<div class=\"elementor-widget-wrap elementor-element-populated\">\n\t\t\t\t\t\t<div class=\"elementor-element elementor-element-3d0d949 elementor-widget elementor-widget-text-editor\" data-id=\"3d0d949\" data-element_type=\"widget\" data-e-type=\"widget\" data-widget_type=\"text-editor.default\">\n\t\t\t\t<div class=\"elementor-widget-container\">\n\t\t\t\t\t\t\t\t\t<p><strong>RICKMER RICKMERS<br \/><\/strong>Das schwimmende Wahrzeichen Hamburgs<\/p><p>Ein Besuch des 1896 gebauten Frachtenseglers lohnt sich immer. Unter Deck locken interessante Sonderausstellungen zu maritimen Themen; gro\u00dfe Schautafeln, alte Photos und nautische Exponate dokumentieren die spannende Geschichte der RICKMER RICKMERS. Liebevoll restaurierte Crew- und Offiziersquartiere bieten Einblick in das zum Teil raue Seemannsleben \u2013 und das Bordrestaurant verw\u00f6hnt mit hanseatischen Gerichten. T\u00e4glich ge\u00f6ffnet von 10 bis 18 Uhr.<\/p>\t\t\t\t\t\t\t\t<\/div>\n\t\t\t\t<\/div>\n\t\t\t\t\t<\/div>\n\t\t<\/div>\n\t\t\t\t<div class=\"elementor-column elementor-col-33 elementor-top-column elementor-element elementor-element-ddc1d87\" data-id=\"ddc1d87\" data-element_type=\"column\" data-e-type=\"column\">\n\t\t\t<div class=\"elementor-widget-wrap elementor-element-populated\">\n\t\t\t\t\t\t<div class=\"elementor-element elementor-element-c0a6903 elementor-widget elementor-widget-image\" data-id=\"c0a6903\" data-element_type=\"widget\" data-e-type=\"widget\" data-widget_type=\"image.default\">\n\t\t\t\t<div class=\"elementor-widget-container\">\n\t\t\t\t\t\t\t\t\t\t\t\t\t\t\t<img loading=\"lazy\" decoding=\"async\" width=\"500\" height=\"750\" src=\"https:\/\/deutscher-schifffahrtstag.de\/wp-content\/uploads\/2025\/02\/Rickmer_web.jpg\" class=\"attachment-large size-large wp-image-7772\" alt=\"\" srcset=\"https:\/\/deutscher-schifffahrtstag.de\/wp-content\/uploads\/2025\/02\/Rickmer_web.jpg 500w, https:\/\/deutscher-schifffahrtstag.de\/wp-content\/uploads\/2025\/02\/Rickmer_web-200x300.jpg 200w\" sizes=\"(max-width: 500px) 100vw, 500px\" \/>\t\t\t\t\t\t\t\t\t\t\t\t\t\t\t<\/div>\n\t\t\t\t<\/div>\n\t\t\t\t\t<\/div>\n\t\t<\/div>\n\t\t\t\t\t<\/div>\n\t\t<\/section>\n\t\t\t\t<section class=\"elementor-section elementor-top-section elementor-element elementor-element-45d16f5 elementor-section-boxed elementor-section-height-default elementor-section-height-default\" data-id=\"45d16f5\" data-element_type=\"section\" data-e-type=\"section\">\n\t\t\t\t\t\t<div class=\"elementor-container elementor-column-gap-default\">\n\t\t\t\t\t<div class=\"elementor-column elementor-col-33 elementor-top-column elementor-element elementor-element-f6f4bf7\" data-id=\"f6f4bf7\" data-element_type=\"column\" data-e-type=\"column\">\n\t\t\t<div class=\"elementor-widget-wrap elementor-element-populated\">\n\t\t\t\t\t\t<div class=\"elementor-element elementor-element-2d7c641 elementor-widget elementor-widget-image\" data-id=\"2d7c641\" data-element_type=\"widget\" data-e-type=\"widget\" data-widget_type=\"image.default\">\n\t\t\t\t<div class=\"elementor-widget-container\">\n\t\t\t\t\t\t\t\t\t\t\t\t\t\t\t<img loading=\"lazy\" decoding=\"async\" width=\"700\" height=\"683\" src=\"https:\/\/deutscher-schifffahrtstag.de\/wp-content\/uploads\/2025\/02\/Lichterfahrt.jpg\" class=\"attachment-large size-large wp-image-7768\" alt=\"\" srcset=\"https:\/\/deutscher-schifffahrtstag.de\/wp-content\/uploads\/2025\/02\/Lichterfahrt.jpg 700w, https:\/\/deutscher-schifffahrtstag.de\/wp-content\/uploads\/2025\/02\/Lichterfahrt-300x293.jpg 300w\" sizes=\"(max-width: 700px) 100vw, 700px\" \/>\t\t\t\t\t\t\t\t\t\t\t\t\t\t\t<\/div>\n\t\t\t\t<\/div>\n\t\t\t\t\t<\/div>\n\t\t<\/div>\n\t\t\t\t<div class=\"elementor-column elementor-col-66 elementor-top-column elementor-element elementor-element-4616bc4\" data-id=\"4616bc4\" data-element_type=\"column\" data-e-type=\"column\">\n\t\t\t<div class=\"elementor-widget-wrap elementor-element-populated\">\n\t\t\t\t\t\t<div class=\"elementor-element elementor-element-87619fb elementor-widget elementor-widget-text-editor\" data-id=\"87619fb\" data-element_type=\"widget\" data-e-type=\"widget\" data-widget_type=\"text-editor.default\">\n\t\t\t\t<div class=\"elementor-widget-container\">\n\t\t\t\t\t\t\t\t\t<p><strong>MARITIME CIRCLE LINE<\/strong><\/p><p>Die Hafenrundfahrten bieten Ihnen einzigartige Erlebnisse auf dem Wasser:<\/p><p>\ud83d\udea2 <strong>Hop-on Hop-off Hafenrundfahrt<\/strong> \u2013 Erkunden Sie den Hamburger Hafen in Ihrem eigenen Tempo. Steigen Sie an verschiedenen Haltestellen ein und aus und erleben Sie Containerterminals, historische Werften und das maritime Flair hautnah. Ein Audioguide liefert spannende Infos zu Geschichte und Gegenwart.<\/p><p>\ud83c\udf77 <strong>Hafenrundfahrt mit K\u00e4se &amp; Wein<\/strong> \u2013 Genie\u00dfen Sie eine exklusive Auswahl an erlesenen Weinen und feinsten K\u00e4sesorten, w\u00e4hrend Sie entspannt durch den Hafen fahren. Unsere Experten erz\u00e4hlen Ihnen Wissenswertes \u00fcber die Weintradition und die Handelsgeschichte Hamburgs.<\/p><p>\ud83c\udf06 <strong>Lichterfahrt<\/strong> \u2013 Lassen Sie sich vom funkelnden Lichtermeer des Hafens verzaubern. Erleben Sie die beleuchtete Skyline entlang der Elbe in stimmungsvoller Atmosph\u00e4re \u2013 perfekt f\u00fcr einen besonderen Abend.<\/p><p>Buchen Sie jetzt Ihre Wunsch-Tour und erleben Sie Hamburgs Hafen aus einer neuen Perspektive! <a href=\"https:\/\/www.maritime-circle-line.de\/\">Hier der entsprechende Link<\/a><\/p>\t\t\t\t\t\t\t\t<\/div>\n\t\t\t\t<\/div>\n\t\t\t\t\t<\/div>\n\t\t<\/div>\n\t\t\t\t\t<\/div>\n\t\t<\/section>\n\t\t\t\t<section class=\"elementor-section elementor-top-section elementor-element elementor-element-cb2ddb2 elementor-section-boxed elementor-section-height-default elementor-section-height-default\" data-id=\"cb2ddb2\" data-element_type=\"section\" data-e-type=\"section\">\n\t\t\t\t\t\t<div class=\"elementor-container elementor-column-gap-default\">\n\t\t\t\t\t<div class=\"elementor-column elementor-col-66 elementor-top-column elementor-element elementor-element-45f7964\" data-id=\"45f7964\" data-element_type=\"column\" data-e-type=\"column\">\n\t\t\t<div class=\"elementor-widget-wrap elementor-element-populated\">\n\t\t\t\t\t\t<div class=\"elementor-element elementor-element-2cbcde1 elementor-widget elementor-widget-text-editor\" data-id=\"2cbcde1\" data-element_type=\"widget\" data-e-type=\"widget\" data-widget_type=\"text-editor.default\">\n\t\t\t\t<div class=\"elementor-widget-container\">\n\t\t\t\t\t\t\t\t\t<p><strong>DIE BALLINSTADT<\/strong><\/p><p>Zwischen 1850 und 1934 wanderten mehr als 5 Millionen Menschen \u00fcber Hamburg aus. Hinter der Zahl stehen unz\u00e4hlige individuelle Lebenswege und ein gemeinsamer Wunsch: die Hoffnung auf eine bessere Zukunft. Im Auswanderermuseum BallinStadt Hamburg bekommt Auswanderung ein Gesicht. An historischem Standort stellt die Ausstellung die Geschichten der Menschen in den Mittelpunkt, f\u00fcr die Hamburg ein Symbol f\u00fcr den Aufbruch in ein neues Leben war.<\/p>\t\t\t\t\t\t\t\t<\/div>\n\t\t\t\t<\/div>\n\t\t\t\t\t<\/div>\n\t\t<\/div>\n\t\t\t\t<div class=\"elementor-column elementor-col-33 elementor-top-column elementor-element elementor-element-6f640ea\" data-id=\"6f640ea\" data-element_type=\"column\" data-e-type=\"column\">\n\t\t\t<div class=\"elementor-widget-wrap elementor-element-populated\">\n\t\t\t\t\t\t<div class=\"elementor-element elementor-element-bd35e2e elementor-widget elementor-widget-image\" data-id=\"bd35e2e\" data-element_type=\"widget\" data-e-type=\"widget\" data-widget_type=\"image.default\">\n\t\t\t\t<div class=\"elementor-widget-container\">\n\t\t\t\t\t\t\t\t\t\t\t\t\t\t\t<img loading=\"lazy\" decoding=\"async\" width=\"700\" height=\"464\" src=\"https:\/\/deutscher-schifffahrtstag.de\/wp-content\/uploads\/2025\/02\/Ballinstadt.jpg\" class=\"attachment-large size-large wp-image-7788\" alt=\"\" srcset=\"https:\/\/deutscher-schifffahrtstag.de\/wp-content\/uploads\/2025\/02\/Ballinstadt.jpg 700w, https:\/\/deutscher-schifffahrtstag.de\/wp-content\/uploads\/2025\/02\/Ballinstadt-300x199.jpg 300w, https:\/\/deutscher-schifffahrtstag.de\/wp-content\/uploads\/2025\/02\/Ballinstadt-391x260.jpg 391w\" sizes=\"(max-width: 700px) 100vw, 700px\" \/>\t\t\t\t\t\t\t\t\t\t\t\t\t\t\t<\/div>\n\t\t\t\t<\/div>\n\t\t\t\t\t<\/div>\n\t\t<\/div>\n\t\t\t\t\t<\/div>\n\t\t<\/section>\n\t\t\t\t<section class=\"elementor-section elementor-top-section elementor-element elementor-element-015b633 elementor-section-boxed elementor-section-height-default elementor-section-height-default\" data-id=\"015b633\" data-element_type=\"section\" data-e-type=\"section\">\n\t\t\t\t\t\t<div class=\"elementor-container elementor-column-gap-default\">\n\t\t\t\t\t<div class=\"elementor-column elementor-col-100 elementor-top-column elementor-element elementor-element-aa53706\" data-id=\"aa53706\" data-element_type=\"column\" data-e-type=\"column\">\n\t\t\t<div class=\"elementor-widget-wrap elementor-element-populated\">\n\t\t\t\t\t\t<div class=\"elementor-element elementor-element-fa1f4ed elementor-widget elementor-widget-text-editor\" data-id=\"fa1f4ed\" data-element_type=\"widget\" data-e-type=\"widget\" data-widget_type=\"text-editor.default\">\n\t\t\t\t<div class=\"elementor-widget-container\">\n\t\t\t\t\t\t\t\t\t<p>Die Freie und Hansestadt Hamburg bietet viele <strong>weitere Sehensw\u00fcrdigkeiten<\/strong>, welche auch f\u00fcr die Teilnehmer der Fachveranstaltungen und ihren Begleitungen interessant sein d\u00fcrften.<\/p><p>&#8211; MS &#8222;Cap San Diego&#8220;, \u00dcberseebr\u00fccke<br \/>&#8211; Internationales Maritimes Museum Hamburg<br \/>&#8211; Museumshafen \u00d6velg\u00f6nne<br \/>&#8211; Speicherstadt und Elbphilarmonie<br \/>&#8211; Hauptkirche St. Michaelis (Michel)<br \/>&#8211; Hafenf\u00e4hren<br \/>&#8211; Alter Elbtunnel<br \/>&#8211; Hafenrundfahrten mit Speicherstadt ab Landungsbr\u00fccken<\/p>\t\t\t\t\t\t\t\t<\/div>\n\t\t\t\t<\/div>\n\t\t\t\t\t<\/div>\n\t\t<\/div>\n\t\t\t\t\t<\/div>\n\t\t<\/section>\n\t\t\t\t<section class=\"elementor-section elementor-top-section elementor-element elementor-element-7ae861c elementor-section-boxed elementor-section-height-default elementor-section-height-default\" data-id=\"7ae861c\" data-element_type=\"section\" data-e-type=\"section\">\n\t\t\t\t\t\t<div class=\"elementor-container elementor-column-gap-default\">\n\t\t\t\t\t<div class=\"elementor-column elementor-col-100 elementor-top-column elementor-element elementor-element-5b32783\" data-id=\"5b32783\" data-element_type=\"column\" data-e-type=\"column\">\n\t\t\t<div class=\"elementor-widget-wrap elementor-element-populated\">\n\t\t\t\t\t\t<div class=\"elementor-element elementor-element-b8300a8 elementor-widget elementor-widget-wp-widget-mec_mec_widget\" data-id=\"b8300a8\" data-element_type=\"widget\" data-e-type=\"widget\" data-widget_type=\"wp-widget-mec_mec_widget.default\">\n\t\t\t\t<div class=\"elementor-widget-container\">\n\t\t\t\t\t<div class=\"mec-wrap mec-skin-list-container mec-widget  \" id=\"mec_skin_119\">\r\n    \r\n    \r\n        <div class=\"mec-skin-list-events-container\" id=\"mec_skin_events_119\">\r\n        Keine Veranstaltung gefunden!    <\/div>\r\n        \r\n        \r\n<\/div>\t\t\t\t<\/div>\n\t\t\t\t<\/div>\n\t\t\t\t\t<\/div>\n\t\t<\/div>\n\t\t\t\t\t<\/div>\n\t\t<\/section>\n\t\t\t\t<\/div>\n\t\t","protected":false},"excerpt":{"rendered":"<p>Rahmenprogramm DIE PEKING F\u00fcr die Teilnehmer des 37. Deutschen Schifffahrtstages werden exklusive Termine zur Besichtigung der Peking angeboten.\u00a0 Hier k\u00f6nnen Sie sich anmelden! DAS MINIATUR WUNDERLAND Das Miniatur Wunderland ist die gr\u00f6\u00dfte Modelleisenbahnanlage der Welt und Hamburgs Touristenattraktion Nr. 1. Schon mehr als 24 Millionen Besucher aus allen Teilen der Welt haben sich in der [&hellip;]<\/p>\n","protected":false},"author":5,"featured_media":0,"parent":0,"menu_order":0,"comment_status":"closed","ping_status":"closed","template":"elementor_header_footer","meta":{"footnotes":""},"class_list":["post-7186","page","type-page","status-publish","hentry"],"_links":{"self":[{"href":"https:\/\/deutscher-schifffahrtstag.de\/index.php\/wp-json\/wp\/v2\/pages\/7186","targetHints":{"allow":["GET"]}}],"collection":[{"href":"https:\/\/deutscher-schifffahrtstag.de\/index.php\/wp-json\/wp\/v2\/pages"}],"about":[{"href":"https:\/\/deutscher-schifffahrtstag.de\/index.php\/wp-json\/wp\/v2\/types\/page"}],"author":[{"embeddable":true,"href":"https:\/\/deutscher-schifffahrtstag.de\/index.php\/wp-json\/wp\/v2\/users\/5"}],"replies":[{"embeddable":true,"href":"https:\/\/deutscher-schifffahrtstag.de\/index.php\/wp-json\/wp\/v2\/comments?post=7186"}],"version-history":[{"count":10,"href":"https:\/\/deutscher-schifffahrtstag.de\/index.php\/wp-json\/wp\/v2\/pages\/7186\/revisions"}],"predecessor-version":[{"id":7918,"href":"https:\/\/deutscher-schifffahrtstag.de\/index.php\/wp-json\/wp\/v2\/pages\/7186\/revisions\/7918"}],"wp:attachment":[{"href":"https:\/\/deutscher-schifffahrtstag.de\/index.php\/wp-json\/wp\/v2\/media?parent=7186"}],"curies":[{"name":"wp","href":"https:\/\/api.w.org\/{rel}","templated":true}]}}