{"id":7192,"date":"2024-07-28T10:12:29","date_gmt":"2024-07-28T10:12:29","guid":{"rendered":"https:\/\/deutscher-schifffahrtstag.de\/?page_id=7192"},"modified":"2024-09-03T12:48:54","modified_gmt":"2024-09-03T12:48:54","slug":"elementor-7192","status":"publish","type":"page","link":"https:\/\/deutscher-schifffahrtstag.de\/index.php\/elementor-7192\/","title":{"rendered":"\u00dcbernachtungsm\u00f6glichkeiten"},"content":{"rendered":"\t\t<div data-elementor-type=\"wp-page\" data-elementor-id=\"7192\" class=\"elementor elementor-7192\" data-elementor-post-type=\"page\">\n\t\t\t\t\t\t<section class=\"elementor-section elementor-top-section elementor-element elementor-element-acd6777 elementor-section-boxed elementor-section-height-default elementor-section-height-default\" data-id=\"acd6777\" data-element_type=\"section\" data-e-type=\"section\">\n\t\t\t\t\t\t<div class=\"elementor-container elementor-column-gap-default\">\n\t\t\t\t\t<div class=\"elementor-column elementor-col-100 elementor-top-column elementor-element elementor-element-7050309\" data-id=\"7050309\" data-element_type=\"column\" data-e-type=\"column\">\n\t\t\t<div class=\"elementor-widget-wrap elementor-element-populated\">\n\t\t\t\t\t\t<div class=\"elementor-element elementor-element-1cfe5d6 elementor-widget elementor-widget-heading\" data-id=\"1cfe5d6\" data-element_type=\"widget\" data-e-type=\"widget\" data-widget_type=\"heading.default\">\n\t\t\t\t<div class=\"elementor-widget-container\">\n\t\t\t\t\t<h1 class=\"elementor-heading-title elementor-size-default\">\u00dcbernachtungsm\u00f6glichkeiten<\/h1>\t\t\t\t<\/div>\n\t\t\t\t<\/div>\n\t\t\t\t\t<\/div>\n\t\t<\/div>\n\t\t\t\t\t<\/div>\n\t\t<\/section>\n\t\t\t\t<section class=\"elementor-section elementor-top-section elementor-element elementor-element-ea26cfe elementor-section-boxed elementor-section-height-default elementor-section-height-default\" data-id=\"ea26cfe\" data-element_type=\"section\" data-e-type=\"section\">\n\t\t\t\t\t\t<div class=\"elementor-container elementor-column-gap-default\">\n\t\t\t\t\t<div class=\"elementor-column elementor-col-66 elementor-top-column elementor-element elementor-element-1c62bdc\" data-id=\"1c62bdc\" data-element_type=\"column\" data-e-type=\"column\">\n\t\t\t<div class=\"elementor-widget-wrap elementor-element-populated\">\n\t\t\t\t\t\t<div class=\"elementor-element elementor-element-0dcd4ed elementor-widget elementor-widget-text-editor\" data-id=\"0dcd4ed\" data-element_type=\"widget\" data-e-type=\"widget\" data-widget_type=\"text-editor.default\">\n\t\t\t\t<div class=\"elementor-widget-container\">\n\t\t\t\t\t\t\t\t\t<p>Das <strong>Hotel Grand Elys\u00e9e Hamburg<\/strong> von Eugen Block, dem Gr\u00fcnder der Blockhouse Steakhousekette, ist mit seinen 510 Zimmern und Suiten das gr\u00f6\u00dfte privatgef\u00fchrte F\u00fcnf-Sterne-Superior-Haus in der Elbmetropole. Die Nobelherberge an der Rothenbaumchaussee wurde im August 1985 er\u00f6ffnet und feiert 2025 seinen 40. Geburtstag. Das Grand Elys\u00e9e ist zum wiederholten Male Veranstaltungsort f\u00fcr das traditionelle Schifffahrtsessen des Nautischen Vereins zu Hamburg. Dieses bedeutende Ereignis bringt die f\u00fchrenden K\u00f6pfe und Fachleute der Schifffahrtsbranche zusammen und bietet eine einzigartige Plattform f\u00fcr den Austausch von Wissen und Erfahrungen und die M\u00f6glichkeit, Kontakte zu pflegen und neue Bekanntschaften zu schlie\u00dfen. <br \/>Die Schifffahrt ist ein zentraler Bestandteil der Geschichte Hamburgs und des Hafens, der als Tor zur Welt bekannt ist. Seit Jahrhunderten pr\u00e4gt die Schifffahrt das wirtschaftliche und kulturelle Leben unserer Stadt und tr\u00e4gt ma\u00dfgeblich zu ihrem internationalen Ansehen bei. Der Hafen von Hamburg ist nicht nur ein Knotenpunkt des globalen Handels, sondern auch ein Symbol f\u00fcr die Innovationskraft und den Unternehmergeist, die unsere Stadt auszeichnen. Das Grand Elys\u00e9e bietet den idealen Rahmen f\u00fcr solch ein prestigetr\u00e4chtiges Ereignis. Mit seinen Veranstaltungsr\u00e4umen und einem engagierten Team sind wir bestens vorbereitet, um den 37. Deutschen Schifffahrtstag zu einem unvergesslichen Erlebnis zu machen. Wir danken dem Nautischen Verein zu Hamburg und dem Deutschen Nautischen Verein von 1868 e.V. f\u00fcr das jahrelange Vertrauen. <br \/>Wir freuen uns darauf, die Mitglieder des Deutschen Schifffahrtstages in unserem Hause zu begr\u00fc\u00dfen. Es ist uns eine Ehre, Gastgeber f\u00fcr diejenigen zu sein, die die Zukunft der Schifffahrt gestalten und die Traditionen dieser stolzen Branche bewahren.<\/p>\t\t\t\t\t\t\t\t<\/div>\n\t\t\t\t<\/div>\n\t\t\t\t\t<\/div>\n\t\t<\/div>\n\t\t\t\t<div class=\"elementor-column elementor-col-33 elementor-top-column elementor-element elementor-element-0050eec\" data-id=\"0050eec\" data-element_type=\"column\" data-e-type=\"column\">\n\t\t\t<div class=\"elementor-widget-wrap elementor-element-populated\">\n\t\t\t\t\t\t<div class=\"elementor-element elementor-element-c6d0ced elementor-widget elementor-widget-image\" data-id=\"c6d0ced\" data-element_type=\"widget\" data-e-type=\"widget\" data-widget_type=\"image.default\">\n\t\t\t\t<div class=\"elementor-widget-container\">\n\t\t\t\t\t\t\t\t\t\t\t\t\t\t\t<img fetchpriority=\"high\" decoding=\"async\" width=\"600\" height=\"400\" src=\"https:\/\/deutscher-schifffahrtstag.de\/wp-content\/uploads\/2024\/07\/elysee.jpg\" class=\"attachment-large size-large wp-image-7194\" alt=\"\" srcset=\"https:\/\/deutscher-schifffahrtstag.de\/wp-content\/uploads\/2024\/07\/elysee.jpg 600w, https:\/\/deutscher-schifffahrtstag.de\/wp-content\/uploads\/2024\/07\/elysee-300x200.jpg 300w, https:\/\/deutscher-schifffahrtstag.de\/wp-content\/uploads\/2024\/07\/elysee-391x260.jpg 391w\" sizes=\"(max-width: 600px) 100vw, 600px\" \/>\t\t\t\t\t\t\t\t\t\t\t\t\t\t\t<\/div>\n\t\t\t\t<\/div>\n\t\t\t\t\t<\/div>\n\t\t<\/div>\n\t\t\t\t\t<\/div>\n\t\t<\/section>\n\t\t\t\t<section class=\"elementor-section elementor-top-section elementor-element elementor-element-e4cd167 elementor-section-boxed elementor-section-height-default elementor-section-height-default\" data-id=\"e4cd167\" data-element_type=\"section\" data-e-type=\"section\">\n\t\t\t\t\t\t<div class=\"elementor-container elementor-column-gap-default\">\n\t\t\t\t\t<div class=\"elementor-column elementor-col-100 elementor-top-column elementor-element elementor-element-741b192\" data-id=\"741b192\" data-element_type=\"column\" data-e-type=\"column\">\n\t\t\t<div class=\"elementor-widget-wrap elementor-element-populated\">\n\t\t\t\t\t\t<div class=\"elementor-element elementor-element-f8c0e2f elementor-widget elementor-widget-text-editor\" data-id=\"f8c0e2f\" data-element_type=\"widget\" data-e-type=\"widget\" data-widget_type=\"text-editor.default\">\n\t\t\t\t<div class=\"elementor-widget-container\">\n\t\t\t\t\t\t\t\t\t<p>Die <strong>Jugendherberge Hamburg \u201eAuf dem Stintfang\u201c<\/strong> \u00fcber den Landungsbr\u00fccken ist eine Top-Adresse f\u00fcr Hamburg-Besucher mit einem sensationellen Blick auf den Hamburger Hafen. Nicht nur Jugendliche, sondern auch Einzelg\u00e4ste, Paare und Familien sind herzlich willkommen. S\u00e4mtliche Einnahmen dienen einem guten Zweck und flie\u00dfen in die Jugendherbergen zur\u00fcck. Kontakt unter <a href=\"mailto:stintfang@jugendherberge.de\">stintfang@jugendherberge.de<\/a><\/p>\t\t\t\t\t\t\t\t<\/div>\n\t\t\t\t<\/div>\n\t\t\t\t\t<\/div>\n\t\t<\/div>\n\t\t\t\t\t<\/div>\n\t\t<\/section>\n\t\t\t\t<section class=\"elementor-section elementor-top-section elementor-element elementor-element-e105098 elementor-section-boxed elementor-section-height-default elementor-section-height-default\" data-id=\"e105098\" data-element_type=\"section\" data-e-type=\"section\">\n\t\t\t\t\t\t<div class=\"elementor-container elementor-column-gap-default\">\n\t\t\t\t\t<div class=\"elementor-column elementor-col-100 elementor-top-column elementor-element elementor-element-bae74c4\" data-id=\"bae74c4\" data-element_type=\"column\" data-e-type=\"column\">\n\t\t\t<div class=\"elementor-widget-wrap elementor-element-populated\">\n\t\t\t\t\t\t<div class=\"elementor-element elementor-element-eb10c7d elementor-widget elementor-widget-text-editor\" data-id=\"eb10c7d\" data-element_type=\"widget\" data-e-type=\"widget\" data-widget_type=\"text-editor.default\">\n\t\t\t\t<div class=\"elementor-widget-container\">\n\t\t\t\t\t\t\t\t\t<p><br \/>Einen \u00dcberblick \u00fcber die weiteren freien Kapazit\u00e4ten der weit gef\u00e4chten \u00dcbernachtungsm\u00f6glichkeiten in Hamburg bekommen Sie mit einem Klick auf den folgenden Button<\/p>\t\t\t\t\t\t\t\t<\/div>\n\t\t\t\t<\/div>\n\t\t\t\t\t<\/div>\n\t\t<\/div>\n\t\t\t\t\t<\/div>\n\t\t<\/section>\n\t\t\t\t<section class=\"elementor-section elementor-top-section elementor-element elementor-element-6851ac4 elementor-section-boxed elementor-section-height-default elementor-section-height-default\" data-id=\"6851ac4\" data-element_type=\"section\" data-e-type=\"section\">\n\t\t\t\t\t\t<div class=\"elementor-container elementor-column-gap-default\">\n\t\t\t\t\t<div class=\"elementor-column elementor-col-100 elementor-top-column elementor-element elementor-element-6c3766c\" data-id=\"6c3766c\" data-element_type=\"column\" data-e-type=\"column\">\n\t\t\t<div class=\"elementor-widget-wrap elementor-element-populated\">\n\t\t\t\t\t\t<div class=\"elementor-element elementor-element-c24a06e elementor-align-center elementor-widget elementor-widget-button\" data-id=\"c24a06e\" data-element_type=\"widget\" data-e-type=\"widget\" data-widget_type=\"button.default\">\n\t\t\t\t<div class=\"elementor-widget-container\">\n\t\t\t\t\t\t\t\t\t<div class=\"elementor-button-wrapper\">\n\t\t\t\t\t<a class=\"elementor-button elementor-button-link elementor-size-sm elementor-animation-grow\" href=\"https:\/\/t1p.de\/Hotels-DST2025\" target=\"_blank\">\n\t\t\t\t\t\t<span class=\"elementor-button-content-wrapper\">\n\t\t\t\t\t\t\t\t\t<span class=\"elementor-button-text\">\u00dcbersicht \u00fcber freie \u00dcbernachtungskapazit\u00e4ten <\/span>\n\t\t\t\t\t<\/span>\n\t\t\t\t\t<\/a>\n\t\t\t\t<\/div>\n\t\t\t\t\t\t\t\t<\/div>\n\t\t\t\t<\/div>\n\t\t\t\t\t<\/div>\n\t\t<\/div>\n\t\t\t\t\t<\/div>\n\t\t<\/section>\n\t\t\t\t<\/div>\n\t\t","protected":false},"excerpt":{"rendered":"<p>\u00dcbernachtungsm\u00f6glichkeiten Das Hotel Grand Elys\u00e9e Hamburg von Eugen Block, dem Gr\u00fcnder der Blockhouse Steakhousekette, ist mit seinen 510 Zimmern und Suiten das gr\u00f6\u00dfte privatgef\u00fchrte F\u00fcnf-Sterne-Superior-Haus in der Elbmetropole. Die Nobelherberge an der Rothenbaumchaussee wurde im August 1985 er\u00f6ffnet und feiert 2025 seinen 40. Geburtstag. Das Grand Elys\u00e9e ist zum wiederholten Male Veranstaltungsort f\u00fcr das traditionelle [&hellip;]<\/p>\n","protected":false},"author":5,"featured_media":0,"parent":0,"menu_order":0,"comment_status":"closed","ping_status":"closed","template":"elementor_header_footer","meta":{"footnotes":""},"class_list":["post-7192","page","type-page","status-publish","hentry"],"_links":{"self":[{"href":"https:\/\/deutscher-schifffahrtstag.de\/index.php\/wp-json\/wp\/v2\/pages\/7192","targetHints":{"allow":["GET"]}}],"collection":[{"href":"https:\/\/deutscher-schifffahrtstag.de\/index.php\/wp-json\/wp\/v2\/pages"}],"about":[{"href":"https:\/\/deutscher-schifffahrtstag.de\/index.php\/wp-json\/wp\/v2\/types\/page"}],"author":[{"embeddable":true,"href":"https:\/\/deutscher-schifffahrtstag.de\/index.php\/wp-json\/wp\/v2\/users\/5"}],"replies":[{"embeddable":true,"href":"https:\/\/deutscher-schifffahrtstag.de\/index.php\/wp-json\/wp\/v2\/comments?post=7192"}],"version-history":[{"count":10,"href":"https:\/\/deutscher-schifffahrtstag.de\/index.php\/wp-json\/wp\/v2\/pages\/7192\/revisions"}],"predecessor-version":[{"id":7612,"href":"https:\/\/deutscher-schifffahrtstag.de\/index.php\/wp-json\/wp\/v2\/pages\/7192\/revisions\/7612"}],"wp:attachment":[{"href":"https:\/\/deutscher-schifffahrtstag.de\/index.php\/wp-json\/wp\/v2\/media?parent=7192"}],"curies":[{"name":"wp","href":"https:\/\/api.w.org\/{rel}","templated":true}]}}